{"id":435,"date":"2022-03-24T14:17:25","date_gmt":"2022-03-24T14:17:25","guid":{"rendered":"https:\/\/aliothwp-light.pethemes.com\/?page_id=435"},"modified":"2022-09-13T15:59:21","modified_gmt":"2022-09-13T14:59:21","slug":"works","status":"publish","type":"page","link":"http:\/\/benjaminvilain.fr\/index.php\/works\/","title":{"rendered":"Tous les projets"},"content":{"rendered":"\t\t<div data-elementor-type=\"wp-page\" data-elementor-id=\"435\" class=\"elementor elementor-435\">\n\t\t\t\t\t\t\t\t\t<section class=\"elementor-section elementor-top-section elementor-element elementor-element-9f77a37 wrapper-fuller elementor-section-full_width elementor-section-stretched elementor-section-height-default elementor-section-height-default\" data-id=\"9f77a37\" data-element_type=\"section\" data-settings=\"{&quot;stretch_section&quot;:&quot;section-stretched&quot;}\">\n\t\t\t\t\t\t<div class=\"elementor-container elementor-column-gap-no\">\n\t\t\t\t\t<div class=\"elementor-column elementor-col-100 elementor-top-column elementor-element elementor-element-0de763d\" data-id=\"0de763d\" data-element_type=\"column\">\n\t\t\t<div class=\"elementor-widget-wrap elementor-element-populated\">\n\t\t\t\t\t\t\t\t<div class=\"elementor-element elementor-element-3d267c5 elementor-widget elementor-widget-showcaselist\" data-id=\"3d267c5\" data-element_type=\"widget\" data-widget_type=\"showcaselist.default\">\n\t\t\t\t<div class=\"elementor-widget-container\">\n\t\t\t\n<!--Portfolio Showcase List-->\n<div class=\"portfolio-showcase showcase-list yes-numbers\" data-barba-namespace=\"sc-list\">\n\n    <!--List Projects Wrapper-->\n    <div class=\"showcase-list-wrapper\">\n\n        \n        <!--Project-->\n        <div class=\"sl-project\">\n            <!--Project URL--><a href=\"http:\/\/benjaminvilain.fr\/index.php\/portfolio\/legos\/\">\n\n                <!--Project Title-->\n                <div class=\"sl-project-title\">Legos<\/div>\n                <!--\/Project Title-->\n\n                <!--Project Meta-->\n                <div class=\"sl-project-meta\">\n\n                    \n                    <!--Project Category-->\n                    <div class=\"sl-project-cat\"> Identit\u00e9PrintWeb<\/div>\n                    <!--\/Project Category-->\n                    \n                                    <\/div>\n                <!--\/Project Meta-->\n\n            <\/a>\n\n            <!--Project Image-->\n            <div class=\"sl-project-image\">\n                \n                <img alt=\"Project Featured Image\" src=\"http:\/\/benjaminvilain.fr\/wp-content\/uploads\/2022\/09\/fond_ecran_legos.gif\">\n\n                            <\/div>\n            <!--\/Project Image-->\n\n        <\/div>\n        <!--\/Project-->\n\n        \n        <!--Project-->\n        <div class=\"sl-project\">\n            <!--Project URL--><a href=\"http:\/\/benjaminvilain.fr\/index.php\/portfolio\/popote\/\">\n\n                <!--Project Title-->\n                <div class=\"sl-project-title\">Popote<\/div>\n                <!--\/Project Title-->\n\n                <!--Project Meta-->\n                <div class=\"sl-project-meta\">\n\n                    \n                    <!--Project Category-->\n                    <div class=\"sl-project-cat\"> Identit\u00e9PackagingPrint<\/div>\n                    <!--\/Project Category-->\n                    \n                                    <\/div>\n                <!--\/Project Meta-->\n\n            <\/a>\n\n            <!--Project Image-->\n            <div class=\"sl-project-image\">\n                \n                <img alt=\"Project Featured Image\" src=\"http:\/\/benjaminvilain.fr\/wp-content\/uploads\/2022\/09\/popote-min.jpg\">\n\n                            <\/div>\n            <!--\/Project Image-->\n\n        <\/div>\n        <!--\/Project-->\n\n        \n        <!--Project-->\n        <div class=\"sl-project\">\n            <!--Project URL--><a href=\"http:\/\/benjaminvilain.fr\/index.php\/portfolio\/ajinomoto\/\">\n\n                <!--Project Title-->\n                <div class=\"sl-project-title\">Ajinomoto<\/div>\n                <!--\/Project Title-->\n\n                <!--Project Meta-->\n                <div class=\"sl-project-meta\">\n\n                    \n                    <!--Project Category-->\n                    <div class=\"sl-project-cat\"> Identit\u00e9PrintWeb<\/div>\n                    <!--\/Project Category-->\n                    \n                                    <\/div>\n                <!--\/Project Meta-->\n\n            <\/a>\n\n            <!--Project Image-->\n            <div class=\"sl-project-image\">\n                \n                <img alt=\"Project Featured Image\" src=\"http:\/\/benjaminvilain.fr\/wp-content\/uploads\/2022\/09\/ajino_min.jpg\">\n\n                            <\/div>\n            <!--\/Project Image-->\n\n        <\/div>\n        <!--\/Project-->\n\n        \n        <!--Project-->\n        <div class=\"sl-project\">\n            <!--Project URL--><a href=\"http:\/\/benjaminvilain.fr\/index.php\/portfolio\/autolib-3\/\">\n\n                <!--Project Title-->\n                <div class=\"sl-project-title\">Autolib<\/div>\n                <!--\/Project Title-->\n\n                <!--Project Meta-->\n                <div class=\"sl-project-meta\">\n\n                    \n                    <!--Project Category-->\n                    <div class=\"sl-project-cat\"> Identit\u00e9PrintWeb<\/div>\n                    <!--\/Project Category-->\n                    \n                                    <\/div>\n                <!--\/Project Meta-->\n\n            <\/a>\n\n            <!--Project Image-->\n            <div class=\"sl-project-image\">\n                \n                <img alt=\"Project Featured Image\" src=\"http:\/\/benjaminvilain.fr\/wp-content\/uploads\/2022\/09\/autolib-nuit-1-1920x1080-1.gif\">\n\n                            <\/div>\n            <!--\/Project Image-->\n\n        <\/div>\n        <!--\/Project-->\n\n        \n        <!--Project-->\n        <div class=\"sl-project\">\n            <!--Project URL--><a href=\"http:\/\/benjaminvilain.fr\/index.php\/portfolio\/campus-france\/\">\n\n                <!--Project Title-->\n                <div class=\"sl-project-title\">Campus France<\/div>\n                <!--\/Project Title-->\n\n                <!--Project Meta-->\n                <div class=\"sl-project-meta\">\n\n                    \n                    <!--Project Category-->\n                    <div class=\"sl-project-cat\"> Web<\/div>\n                    <!--\/Project Category-->\n                    \n                                    <\/div>\n                <!--\/Project Meta-->\n\n            <\/a>\n\n            <!--Project Image-->\n            <div class=\"sl-project-image\">\n                \n                <img alt=\"Project Featured Image\" src=\"http:\/\/benjaminvilain.fr\/wp-content\/uploads\/2022\/09\/campus-min.jpg\">\n\n                            <\/div>\n            <!--\/Project Image-->\n\n        <\/div>\n        <!--\/Project-->\n\n        \n        <!--Project-->\n        <div class=\"sl-project\">\n            <!--Project URL--><a href=\"http:\/\/benjaminvilain.fr\/index.php\/portfolio\/epicerie-de-france\/\">\n\n                <!--Project Title-->\n                <div class=\"sl-project-title\">\u00c9picerie de France<\/div>\n                <!--\/Project Title-->\n\n                <!--Project Meta-->\n                <div class=\"sl-project-meta\">\n\n                    \n                    <!--Project Category-->\n                    <div class=\"sl-project-cat\"> Identit\u00e9PackagingPrintWeb<\/div>\n                    <!--\/Project Category-->\n                    \n                                    <\/div>\n                <!--\/Project Meta-->\n\n            <\/a>\n\n            <!--Project Image-->\n            <div class=\"sl-project-image\">\n                \n                <img alt=\"Project Featured Image\" src=\"http:\/\/benjaminvilain.fr\/wp-content\/uploads\/2022\/09\/EDF_min.jpg\">\n\n                            <\/div>\n            <!--\/Project Image-->\n\n        <\/div>\n        <!--\/Project-->\n\n        \n        <!--Project-->\n        <div class=\"sl-project\">\n            <!--Project URL--><a href=\"http:\/\/benjaminvilain.fr\/index.php\/portfolio\/edf\/\">\n\n                <!--Project Title-->\n                <div class=\"sl-project-title\">EDF<\/div>\n                <!--\/Project Title-->\n\n                <!--Project Meta-->\n                <div class=\"sl-project-meta\">\n\n                    \n                    <!--Project Category-->\n                    <div class=\"sl-project-cat\"> PrintWeb<\/div>\n                    <!--\/Project Category-->\n                    \n                                    <\/div>\n                <!--\/Project Meta-->\n\n            <\/a>\n\n            <!--Project Image-->\n            <div class=\"sl-project-image\">\n                \n                <img alt=\"Project Featured Image\" src=\"http:\/\/benjaminvilain.fr\/wp-content\/uploads\/2022\/09\/elec_min.jpg\">\n\n                            <\/div>\n            <!--\/Project Image-->\n\n        <\/div>\n        <!--\/Project-->\n\n        \n        <!--Project-->\n        <div class=\"sl-project\">\n            <!--Project URL--><a href=\"http:\/\/benjaminvilain.fr\/index.php\/portfolio\/shootings\/\">\n\n                <!--Project Title-->\n                <div class=\"sl-project-title\">Shootings<\/div>\n                <!--\/Project Title-->\n\n                <!--Project Meta-->\n                <div class=\"sl-project-meta\">\n\n                    \n                    <!--Project Category-->\n                    <div class=\"sl-project-cat\"> Shooting<\/div>\n                    <!--\/Project Category-->\n                    \n                                    <\/div>\n                <!--\/Project Meta-->\n\n            <\/a>\n\n            <!--Project Image-->\n            <div class=\"sl-project-image\">\n                \n                <img alt=\"Project Featured Image\" src=\"http:\/\/benjaminvilain.fr\/wp-content\/uploads\/2022\/09\/min_portfolio_shootings.jpg\">\n\n                            <\/div>\n            <!--\/Project Image-->\n\n        <\/div>\n        <!--\/Project-->\n\n        \n        <!--Project-->\n        <div class=\"sl-project\">\n            <!--Project URL--><a href=\"http:\/\/benjaminvilain.fr\/index.php\/portfolio\/fabulite\/\">\n\n                <!--Project Title-->\n                <div class=\"sl-project-title\">Fabulite<\/div>\n                <!--\/Project Title-->\n\n                <!--Project Meta-->\n                <div class=\"sl-project-meta\">\n\n                    \n                    <!--Project Category-->\n                    <div class=\"sl-project-cat\"> Identit\u00e9Print<\/div>\n                    <!--\/Project Category-->\n                    \n                                    <\/div>\n                <!--\/Project Meta-->\n\n            <\/a>\n\n            <!--Project Image-->\n            <div class=\"sl-project-image\">\n                \n                <img alt=\"Project Featured Image\" src=\"http:\/\/benjaminvilain.fr\/wp-content\/uploads\/2022\/09\/fabulite-motion-header.gif\">\n\n                            <\/div>\n            <!--\/Project Image-->\n\n        <\/div>\n        <!--\/Project-->\n\n        \n        <!--Project-->\n        <div class=\"sl-project\">\n            <!--Project URL--><a href=\"http:\/\/benjaminvilain.fr\/index.php\/portfolio\/grandir-avec-nathan\/\">\n\n                <!--Project Title-->\n                <div class=\"sl-project-title\">Grandir avec Nathan<\/div>\n                <!--\/Project Title-->\n\n                <!--Project Meta-->\n                <div class=\"sl-project-meta\">\n\n                    \n                    <!--Project Category-->\n                    <div class=\"sl-project-cat\"> Web<\/div>\n                    <!--\/Project Category-->\n                    \n                                    <\/div>\n                <!--\/Project Meta-->\n\n            <\/a>\n\n            <!--Project Image-->\n            <div class=\"sl-project-image\">\n                \n                <img alt=\"Project Featured Image\" src=\"http:\/\/benjaminvilain.fr\/wp-content\/uploads\/2022\/09\/gan-min.jpg\">\n\n                            <\/div>\n            <!--\/Project Image-->\n\n        <\/div>\n        <!--\/Project-->\n\n        \n        <!--Project-->\n        <div class=\"sl-project\">\n            <!--Project URL--><a href=\"http:\/\/benjaminvilain.fr\/index.php\/portfolio\/pearson-talent-lens\/\">\n\n                <!--Project Title-->\n                <div class=\"sl-project-title\">Pearson Talent Lens<\/div>\n                <!--\/Project Title-->\n\n                <!--Project Meta-->\n                <div class=\"sl-project-meta\">\n\n                    \n                    <!--Project Category-->\n                    <div class=\"sl-project-cat\"> Print<\/div>\n                    <!--\/Project Category-->\n                    \n                                    <\/div>\n                <!--\/Project Meta-->\n\n            <\/a>\n\n            <!--Project Image-->\n            <div class=\"sl-project-image\">\n                \n                <img alt=\"Project Featured Image\" src=\"http:\/\/benjaminvilain.fr\/wp-content\/uploads\/2022\/09\/pearson_min.jpg\">\n\n                            <\/div>\n            <!--\/Project Image-->\n\n        <\/div>\n        <!--\/Project-->\n\n        \n        <!--Project-->\n        <div class=\"sl-project\">\n            <!--Project URL--><a href=\"http:\/\/benjaminvilain.fr\/index.php\/portfolio\/lien\/\">\n\n                <!--Project Title-->\n                <div class=\"sl-project-title\">Lien<\/div>\n                <!--\/Project Title-->\n\n                <!--Project Meta-->\n                <div class=\"sl-project-meta\">\n\n                    \n                    <!--Project Category-->\n                    <div class=\"sl-project-cat\"> Print<\/div>\n                    <!--\/Project Category-->\n                    \n                                    <\/div>\n                <!--\/Project Meta-->\n\n            <\/a>\n\n            <!--Project Image-->\n            <div class=\"sl-project-image\">\n                \n                <img alt=\"Project Featured Image\" src=\"http:\/\/benjaminvilain.fr\/wp-content\/uploads\/2022\/09\/liens_min3.jpg\">\n\n                            <\/div>\n            <!--\/Project Image-->\n\n        <\/div>\n        <!--\/Project-->\n\n        \n        <!--Project-->\n        <div class=\"sl-project\">\n            <!--Project URL--><a href=\"http:\/\/benjaminvilain.fr\/index.php\/portfolio\/institu-francais\/\">\n\n                <!--Project Title-->\n                <div class=\"sl-project-title\">Institut fran\u00e7ais<\/div>\n                <!--\/Project Title-->\n\n                <!--Project Meta-->\n                <div class=\"sl-project-meta\">\n\n                    \n                    <!--Project Category-->\n                    <div class=\"sl-project-cat\"> Web<\/div>\n                    <!--\/Project Category-->\n                    \n                                    <\/div>\n                <!--\/Project Meta-->\n\n            <\/a>\n\n            <!--Project Image-->\n            <div class=\"sl-project-image\">\n                \n                <img alt=\"Project Featured Image\" src=\"http:\/\/benjaminvilain.fr\/wp-content\/uploads\/2022\/09\/if-min.jpg\">\n\n                            <\/div>\n            <!--\/Project Image-->\n\n        <\/div>\n        <!--\/Project-->\n\n        \n    <\/div>\n    <!--\/List Projects Wrapper-->\n\n    <!--List Project Images (Don't Touch)-->\n    <div class=\"sl-images\"><\/div>\n    <!--List Project Images (Don't Touch)-->\n\n    <!--Showcase Footer-->\n    <div class=\"showcase-footer\">\n\n        <!--Showcase Footer Left-->\n        <div class=\"showcase-footer-left\">\n\n\n            \n        <!--Scroll Notice-->\n        <div class=\"scroll-notice\" data-target=\"#secondSec\">\n            <span class=\"sn_bef\"><\/span>\n            <span>Scroll<\/span>\n        <\/div>\n        <!--\/Scroll Notice-->\n\n                        \n\n        <\/div>\n        <!--\/Showcase Footer Left-->\n\n        <!--Showcase Footer Right-->\n        <div class=\"showcase-footer-right\">\n\n                        \n\n\n        <\/div>\n        <!--\/Showcase Footer Right-->\n\n    <\/div>\n    <!--\/Showcase Footer-->\n\n<\/div>\n<!--\/Portfolio Showcase List-->\n\n\n\n\t\t<\/div>\n\t\t\t\t<\/div>\n\t\t\t\t\t<\/div>\n\t\t<\/div>\n\t\t\t\t\t\t\t<\/div>\n\t\t<\/section>\n\t\t\t\t\t\t\t<\/div>\n\t\t","protected":false},"excerpt":{"rendered":"<p>Legos Identit\u00e9PrintWeb Popote Identit\u00e9PackagingPrint Ajinomoto Identit\u00e9PrintWeb Autolib Identit\u00e9PrintWeb Campus France Web \u00c9picerie de France Identit\u00e9PackagingPrintWeb EDF PrintWeb Shootings Shooting Fabulite Identit\u00e9Print Grandir avec Nathan Web Pearson Talent Lens Print Lien Print Institut fran\u00e7ais Web Scroll<\/p>\n","protected":false},"author":1,"featured_media":0,"parent":0,"menu_order":0,"comment_status":"closed","ping_status":"closed","template":"","meta":[],"acf":[],"_links":{"self":[{"href":"http:\/\/benjaminvilain.fr\/index.php\/wp-json\/wp\/v2\/pages\/435"}],"collection":[{"href":"http:\/\/benjaminvilain.fr\/index.php\/wp-json\/wp\/v2\/pages"}],"about":[{"href":"http:\/\/benjaminvilain.fr\/index.php\/wp-json\/wp\/v2\/types\/page"}],"author":[{"embeddable":true,"href":"http:\/\/benjaminvilain.fr\/index.php\/wp-json\/wp\/v2\/users\/1"}],"replies":[{"embeddable":true,"href":"http:\/\/benjaminvilain.fr\/index.php\/wp-json\/wp\/v2\/comments?post=435"}],"version-history":[{"count":78,"href":"http:\/\/benjaminvilain.fr\/index.php\/wp-json\/wp\/v2\/pages\/435\/revisions"}],"predecessor-version":[{"id":7155,"href":"http:\/\/benjaminvilain.fr\/index.php\/wp-json\/wp\/v2\/pages\/435\/revisions\/7155"}],"wp:attachment":[{"href":"http:\/\/benjaminvilain.fr\/index.php\/wp-json\/wp\/v2\/media?parent=435"}],"curies":[{"name":"wp","href":"https:\/\/api.w.org\/{rel}","templated":true}]}}